{"id":2668,"date":"2020-05-24T13:35:54","date_gmt":"2020-05-24T13:35:54","guid":{"rendered":"https:\/\/haybowena.com\/?page_id=2668"},"modified":"2026-05-16T02:22:16","modified_gmt":"2026-05-16T02:22:16","slug":"contacto","status":"publish","type":"page","link":"https:\/\/haybowena.com\/pt\/contacto\/","title":{"rendered":"Contacto"},"content":{"rendered":"<p>Entre em contato conosco se quiser conversar, publicar um artigo como convidado, compartilhar uma ideia, enviar uma hist\u00f3ria, colaborar conosco, ter seu conte\u00fado divulgado, anunciar ou qualquer outra coisa!<\/p>\n<p>Entre em contato conosco usando o formul\u00e1rio abaixo.<\/p>\n\n<p>Ou entre em contato diretamente usando as informa\u00e7\u00f5es a seguir.<\/p>\n<blockquote><p><strong>Geral:<\/strong> contact@haybowena.com<br \/>\n<strong>Press:<\/strong> press@haybowena.com<\/p><\/blockquote>\n<p><strong>Social Media<br \/>\n<\/strong><br \/>\n<strong>Facebook:<\/strong> <a href=\"https:\/\/www.facebook.com\/haybowenatech\" target=\"_blank\" rel=\"noopener\" data-schema-attribute=\"\">https:\/\/www.facebook.com\/haybowenatech<\/a><br \/>\n<strong>Twitter:<\/strong> <a href=\"https:\/\/twitter.com\/HayboWena\" target=\"_blank\" rel=\"noopener\" data-schema-attribute=\"\">https:\/\/twitter.com\/HayboWena<\/a><\/p>\n","protected":false},"excerpt":{"rendered":"<p>Entre em contato conosco se quiser conversar, publicar um artigo como convidado, compartilhar uma ideia, enviar uma hist\u00f3ria, colaborar conosco, ter seu conte\u00fado divulgado, anunciar ou qualquer outra coisa! Entre em contato conosco usando o formul\u00e1rio abaixo. Ou entre em contato diretamente usando as informa\u00e7\u00f5es a seguir. Geral: contact@haybowena.com Press: press@haybowena.com Social Media Facebook: https:\/\/www.facebook.com\/haybowenatech Twitter: https:\/\/twitter.com\/HayboWena<\/p>\n","protected":false},"author":1,"featured_media":0,"parent":0,"menu_order":0,"comment_status":"closed","ping_status":"closed","template":"","meta":{"footnotes":""},"class_list":["post-2668","page","type-page","status-publish","hentry"],"jetpack_sharing_enabled":true,"_links":{"self":[{"href":"https:\/\/haybowena.com\/pt\/wp-json\/wp\/v2\/pages\/2668","targetHints":{"allow":["GET"]}}],"collection":[{"href":"https:\/\/haybowena.com\/pt\/wp-json\/wp\/v2\/pages"}],"about":[{"href":"https:\/\/haybowena.com\/pt\/wp-json\/wp\/v2\/types\/page"}],"author":[{"embeddable":true,"href":"https:\/\/haybowena.com\/pt\/wp-json\/wp\/v2\/users\/1"}],"replies":[{"embeddable":true,"href":"https:\/\/haybowena.com\/pt\/wp-json\/wp\/v2\/comments?post=2668"}],"version-history":[{"count":2,"href":"https:\/\/haybowena.com\/pt\/wp-json\/wp\/v2\/pages\/2668\/revisions"}],"predecessor-version":[{"id":6597,"href":"https:\/\/haybowena.com\/pt\/wp-json\/wp\/v2\/pages\/2668\/revisions\/6597"}],"wp:attachment":[{"href":"https:\/\/haybowena.com\/pt\/wp-json\/wp\/v2\/media?parent=2668"}],"curies":[{"name":"wp","href":"https:\/\/api.w.org\/{rel}","templated":true}]}}